{"id":537708,"date":"2022-07-06T16:20:14","date_gmt":"2022-07-06T13:20:14","guid":{"rendered":"https:\/\/vinspy.com\/error-de-vin\/"},"modified":"2026-02-03T10:45:38","modified_gmt":"2026-02-03T07:45:38","slug":"error-de-vin","status":"publish","type":"page","link":"https:\/\/vinspy.com\/es\/error-de-vin\/","title":{"rendered":"Error de VIN"},"content":{"rendered":"<div data-elementor-type=\"wp-page\" data-elementor-id=\"537708\" class=\"elementor elementor-537708 elementor-65\" data-elementor-post-type=\"page\"> \t\t\t\t\t\t<section class=\"elementor-section elementor-top-section elementor-element elementor-element-4dade535 elementor-section-full_width elementor-section-content-middle elementor-section-height-default elementor-section-height-default\" data-id=\"4dade535\" data-element_type=\"section\" data-e-type=\"section\" data-settings=\"{&quot;background_background&quot;:&quot;gradient&quot;,&quot;shape_divider_bottom&quot;:&quot;waves&quot;}\"> \t\t\t\t\t<div class=\"elementor-shape elementor-shape-bottom\" aria-hidden=\"true\" data-negative=\"false\"> \t\t\t<svg xmlns=\"http:\/\/www.w3.org\/2000\/svg\" viewbox=\"0 0 1000 100\" preserveaspectratio=\"none\"> \t<path class=\"elementor-shape-fill\" d=\"M421.9,6.5c22.6-2.5,51.5,0.4,75.5,5.3c23.6,4.9,70.9,23.5,100.5,35.7c75.8,32.2,133.7,44.5,192.6,49.7 \tc23.6,2.1,48.7,3.5,103.4-2.5c54.7-6,106.2-25.6,106.2-25.6V0H0v30.3c0,0,72,32.6,158.4,30.5c39.2-0.7,92.8-6.7,134-22.4 \tc21.2-8.1,52.2-18.2,79.7-24.2C399.3,7.9,411.6,7.5,421.9,6.5z\"\/> <\/svg>\t\t<\/div> \t\t\t\t\t<div class=\"elementor-container elementor-column-gap-default\"> \t\t\t\t\t<div class=\"elementor-column elementor-col-100 elementor-top-column elementor-element elementor-element-1bf5951c\" data-id=\"1bf5951c\" data-element_type=\"column\" data-e-type=\"column\"> \t\t\t<div class=\"elementor-widget-wrap elementor-element-populated\"> \t\t\t\t\t\t<div class=\"elementor-element elementor-element-25c23d21 elementor-widget elementor-widget-spacer\" data-id=\"25c23d21\" data-element_type=\"widget\" data-e-type=\"widget\" data-widget_type=\"spacer.default\"> \t\t\t\t<div class=\"elementor-widget-container\"> \t\t\t\t\t\t\t<div class=\"elementor-spacer\"> \t\t\t<div class=\"elementor-spacer-inner\"><\/div> \t\t<\/div> \t\t\t\t\t\t<\/div> \t\t\t\t<\/div> \t\t\t\t<div class=\"elementor-element elementor-element-4592f7f1 elementor-widget elementor-widget-heading\" data-id=\"4592f7f1\" data-element_type=\"widget\" data-e-type=\"widget\" data-widget_type=\"heading.default\"> \t\t\t\t<div class=\"elementor-widget-container\"> \t\t\t\t\t<h2 class=\"elementor-heading-title elementor-size-default\"><b>ERROR DE VIN -<\/b> POR FAVOR, INT\u00c9NTELO DE NUEVO<\/h2>\t\t\t\t<\/div> \t\t\t\t<\/div> \t\t\t\t<div class=\"elementor-element elementor-element-88c6452 elementor-widget elementor-widget-text-editor\" data-id=\"88c6452\" data-element_type=\"widget\" data-e-type=\"widget\" data-widget_type=\"text-editor.default\"> \t\t\t\t<div class=\"elementor-widget-container\"> \t\t\t\t\t\t\t\t\t<p>No se ha encontrado este c\u00f3digo VIN. Por favor, rev\u00edselo e int\u00e9ntelo de nuevo. <\/p><p><strong>El n\u00famero VIN debe tener <span style=\"text-decoration: underline;\">entre 8 y 17 d\u00edgitos.<\/span><\/strong><\/p>\t\t\t\t\t\t\t\t<\/div> \t\t\t\t<\/div> \t\t\t\t<div class=\"elementor-element elementor-element-ba39efb elementor-hidden-mobile elementor-button-align-stretch elementor-widget elementor-widget-form\" data-id=\"ba39efb\" data-element_type=\"widget\" data-e-type=\"widget\" data-settings=\"{&quot;button_width&quot;:&quot;33&quot;,&quot;step_next_label&quot;:&quot;Siguiente&quot;,&quot;step_previous_label&quot;:&quot;Anterior&quot;,&quot;step_type&quot;:&quot;number_text&quot;,&quot;step_icon_shape&quot;:&quot;circle&quot;}\" data-widget_type=\"form.default\"> \t\t\t\t<div class=\"elementor-widget-container\"> \t\t\t\t\t\t\t<form class=\"elementor-form\" method=\"post\" id=\"vin\" name=\"Nuevo formulario\" aria-label=\"Nuevo formulario\"> \t\t\t<input type=\"hidden\" name=\"post_id\" value=\"537708\"\/> \t\t\t<input type=\"hidden\" name=\"form_id\" value=\"ba39efb\"\/> \t\t\t<input type=\"hidden\" name=\"referer_title\" value=\"Error de VIN - VIN Check\" \/>  \t\t\t\t\t\t\t<input type=\"hidden\" name=\"queried_id\" value=\"537708\"\/> \t\t\t \t\t\t<div class=\"elementor-form-fields-wrapper elementor-labels-above\"> \t\t\t\t\t\t\t\t<div class=\"elementor-field-type-text elementor-field-group elementor-column elementor-field-group-name elementor-col-66 elementor-field-required\"> \t\t\t\t\t\t\t\t\t\t\t\t\t<input size=\"1\" type=\"text\" name=\"form_fields[name]\" id=\"form-field-name\" class=\"elementor-field elementor-size-md  elementor-field-textual\" placeholder=\"INTRODUCIR VIN:\" required=\"required\"> \t\t\t\t\t\t\t\t\t\t\t<\/div> \t\t\t\t\t\t\t\t<div class=\"elementor-field-group elementor-column elementor-field-type-submit elementor-col-33 e-form__buttons\"> \t\t\t\t\t<button class=\"elementor-button elementor-size-md\" type=\"submit\"> \t\t\t\t\t\t<span class=\"elementor-button-content-wrapper\"> \t\t\t\t\t\t\t\t\t\t\t\t\t\t\t<span class=\"elementor-button-icon\"> \t\t\t\t\t\t\t\t\t<i aria-hidden=\"true\" class=\"fas fa-search\"><\/i>\t\t\t\t\t\t\t\t\t\t\t\t\t\t\t\t\t<\/span> \t\t\t\t\t\t\t\t\t\t\t\t\t\t\t\t\t\t\t\t\t\t<span class=\"elementor-button-text\">BUSCAR<\/span> \t\t\t\t\t\t\t\t\t\t\t\t\t<\/span> \t\t\t\t\t<\/button> \t\t\t\t<\/div> \t\t\t<\/div> \t\t<\/form> \t\t\t\t\t\t<\/div> \t\t\t\t<\/div> \t\t\t\t<div class=\"elementor-element elementor-element-14a3146 elementor-hidden-desktop elementor-hidden-tablet elementor-button-align-stretch elementor-widget elementor-widget-form\" data-id=\"14a3146\" data-element_type=\"widget\" data-e-type=\"widget\" data-settings=\"{&quot;button_width&quot;:&quot;33&quot;,&quot;step_next_label&quot;:&quot;Siguiente&quot;,&quot;step_previous_label&quot;:&quot;Anterior&quot;,&quot;step_type&quot;:&quot;number_text&quot;,&quot;step_icon_shape&quot;:&quot;circle&quot;}\" data-widget_type=\"form.default\"> \t\t\t\t<div class=\"elementor-widget-container\"> \t\t\t\t\t\t\t<form class=\"elementor-form\" method=\"post\" id=\"vin\" name=\"Nuevo formulario\" aria-label=\"Nuevo formulario\"> \t\t\t<input type=\"hidden\" name=\"post_id\" value=\"537708\"\/> \t\t\t<input type=\"hidden\" name=\"form_id\" value=\"14a3146\"\/> \t\t\t<input type=\"hidden\" name=\"referer_title\" value=\"Error de VIN - VIN Check\" \/>  \t\t\t\t\t\t\t<input type=\"hidden\" name=\"queried_id\" value=\"537708\"\/> \t\t\t \t\t\t<div class=\"elementor-form-fields-wrapper elementor-labels-above\"> \t\t\t\t\t\t\t\t<div class=\"elementor-field-type-text elementor-field-group elementor-column elementor-field-group-name elementor-col-66 elementor-field-required\"> \t\t\t\t\t\t\t\t\t\t\t\t\t<input size=\"1\" type=\"text\" name=\"form_fields[name]\" id=\"form-field-name\" class=\"elementor-field elementor-size-md  elementor-field-textual\" placeholder=\"INTRODUCIR VIN:\" required=\"required\"> \t\t\t\t\t\t\t\t\t\t\t<\/div> \t\t\t\t\t\t\t\t<div class=\"elementor-field-group elementor-column elementor-field-type-submit elementor-col-33 e-form__buttons\"> \t\t\t\t\t<button class=\"elementor-button elementor-size-md\" type=\"submit\"> \t\t\t\t\t\t<span class=\"elementor-button-content-wrapper\"> \t\t\t\t\t\t\t\t\t\t\t\t\t\t\t<span class=\"elementor-button-icon\"> \t\t\t\t\t\t\t\t\t<i aria-hidden=\"true\" class=\"fas fa-search\"><\/i>\t\t\t\t\t\t\t\t\t\t\t\t\t\t\t\t\t<\/span> \t\t\t\t\t\t\t\t\t\t\t\t\t\t\t\t\t\t\t\t\t\t<span class=\"elementor-button-text\">BUSCAR<\/span> \t\t\t\t\t\t\t\t\t\t\t\t\t<\/span> \t\t\t\t\t<\/button> \t\t\t\t<\/div> \t\t\t<\/div> \t\t<\/form> \t\t\t\t\t\t<\/div> \t\t\t\t<\/div> \t\t\t\t<div class=\"elementor-element elementor-element-48dabca elementor-widget elementor-widget-text-editor\" data-id=\"48dabca\" data-element_type=\"widget\" data-e-type=\"widget\" data-widget_type=\"text-editor.default\"> \t\t\t\t<div class=\"elementor-widget-container\"> \t\t\t\t\t\t\t\t\t<p style=\"text-align: center;\">Ejemplo de VIN: <strong>WBA11AW090FN15037<\/strong> o Matr\u00edcula: <strong>AB56QH<\/strong><\/p>\t\t\t\t\t\t\t\t<\/div> \t\t\t\t<\/div> \t\t\t\t<div class=\"elementor-element elementor-element-471e86d7 elementor-star-rating--align-center elementor--star-style-star_fontawesome elementor-widget elementor-widget-star-rating\" data-id=\"471e86d7\" data-element_type=\"widget\" data-e-type=\"widget\" data-widget_type=\"star-rating.default\"> \t\t\t\t<div class=\"elementor-widget-container\"> \t\t\t\t\t\t\t<div class=\"elementor-star-rating__wrapper\"> \t\t\t\t\t\t<div class=\"elementor-star-rating\" itemtype=\"http:\/\/schema.org\/Rating\" itemscope=\"\" itemprop=\"reviewRating\"> \t\t\t\t<i class=\"elementor-star-full\" aria-hidden=\"true\">&#xE933;<\/i><i class=\"elementor-star-full\" aria-hidden=\"true\">&#xE933;<\/i><i class=\"elementor-star-full\" aria-hidden=\"true\">&#xE933;<\/i><i class=\"elementor-star-full\" aria-hidden=\"true\">&#xE933;<\/i><i class=\"elementor-star-6\" aria-hidden=\"true\">&#xE933;<\/i>\t\t\t\t<span itemprop=\"ratingValue\" class=\"elementor-screen-only\">Valorado con 4.6 de 5<\/span> \t\t\t<\/div> \t\t<\/div> \t\t\t\t\t\t<\/div> \t\t\t\t<\/div> \t\t\t\t<div class=\"elementor-element elementor-element-b89aeb8 elementor-widget elementor-widget-text-editor\" data-id=\"b89aeb8\" data-element_type=\"widget\" data-e-type=\"widget\" data-widget_type=\"text-editor.default\"> \t\t\t\t<div class=\"elementor-widget-container\"> \t\t\t\t\t\t\t\t\t<p><img decoding=\"async\" class=\"wp-image-532414 aligncenter\" src=\"https:\/\/vinspy.com\/wp-content\/uploads\/2025\/10\/customers-support@2x-300x108.webp\" alt=\"\" width=\"69\" height=\"25\" srcset=\"https:\/\/vinspy.com\/wp-content\/uploads\/2025\/10\/customers-support@2x-300x108.webp 300w, https:\/\/vinspy.com\/wp-content\/uploads\/2025\/10\/customers-support@2x.webp 501w\" sizes=\"(max-width: 69px) 100vw, 69px\" \/> Con la confianza de m\u00e1s de 46.000 usuarios<\/p>\t\t\t\t\t\t\t\t<\/div> \t\t\t\t<\/div> \t\t\t\t\t<\/div> \t\t<\/div> \t\t\t\t\t<\/div> \t\t<\/section> \t\t\t\t<section class=\"elementor-section elementor-top-section elementor-element elementor-element-4d16b74 elementor-section-full_width elementor-section-height-default elementor-section-height-default\" data-id=\"4d16b74\" data-element_type=\"section\" data-e-type=\"section\" data-settings=\"{&quot;background_background&quot;:&quot;classic&quot;}\"> \t\t\t\t\t\t<div class=\"elementor-container elementor-column-gap-no\"> \t\t\t\t\t<div class=\"elementor-column elementor-col-100 elementor-top-column elementor-element elementor-element-f7baffb\" data-id=\"f7baffb\" data-element_type=\"column\" data-e-type=\"column\"> \t\t\t<div class=\"elementor-widget-wrap elementor-element-populated\"> \t\t\t\t\t\t<section class=\"elementor-section elementor-inner-section elementor-element elementor-element-a433557 elementor-section-content-top elementor-section-boxed elementor-section-height-default elementor-section-height-default\" data-id=\"a433557\" data-element_type=\"section\" data-e-type=\"section\"> \t\t\t\t\t\t<div class=\"elementor-container elementor-column-gap-no\"> \t\t\t\t\t<div class=\"elementor-column elementor-col-33 elementor-inner-column elementor-element elementor-element-c9759f9\" data-id=\"c9759f9\" data-element_type=\"column\" data-e-type=\"column\"> \t\t\t<div class=\"elementor-widget-wrap elementor-element-populated\"> \t\t\t\t\t\t<div class=\"elementor-element elementor-element-ab5ff80 elementor-widget elementor-widget-image\" data-id=\"ab5ff80\" data-element_type=\"widget\" data-e-type=\"widget\" data-widget_type=\"image.default\"> \t\t\t\t<div class=\"elementor-widget-container\"> \t\t\t\t\t\t\t\t\t\t\t\t\t\t\t<img decoding=\"async\" width=\"225\" height=\"58\" src=\"https:\/\/vinspy.com\/wp-content\/uploads\/2023\/03\/VINSPY-VIN-logo.png-3.png\" class=\"attachment-large size-large wp-image-531787\" alt=\"VINSPY-VIN-logo.png-3\" \/>\t\t\t\t\t\t\t\t\t\t\t\t\t\t\t<\/div> \t\t\t\t<\/div> \t\t\t\t<div class=\"elementor-element elementor-element-334aace elementor-widget elementor-widget-text-editor\" data-id=\"334aace\" data-element_type=\"widget\" data-e-type=\"widget\" data-widget_type=\"text-editor.default\"> \t\t\t\t<div class=\"elementor-widget-container\"> \t\t\t\t\t\t\t\t\t<p><a href=\"https:\/\/vinspy.com\/privacy-policy\/\">Pol\u00edtica de privacidad<\/a><br><a href=\"https:\/\/vinspy.com\/terms-and-conditions\/\">T\u00e9rminos y condiciones<\/a><br><a href=\"https:\/\/vinspy.com\/affiliate\/\">Programa de afiliados<\/a><strong><br><\/strong><\/p>\t\t\t\t\t\t\t\t<\/div> \t\t\t\t<\/div> \t\t\t\t\t<\/div> \t\t<\/div> \t\t\t\t<div class=\"elementor-column elementor-col-33 elementor-inner-column elementor-element elementor-element-7af0b06\" data-id=\"7af0b06\" data-element_type=\"column\" data-e-type=\"column\"> \t\t\t<div class=\"elementor-widget-wrap elementor-element-populated\"> \t\t\t\t\t\t<div class=\"elementor-element elementor-element-0b5e081 elementor-widget elementor-widget-heading\" data-id=\"0b5e081\" data-element_type=\"widget\" data-e-type=\"widget\" data-widget_type=\"heading.default\"> \t\t\t\t<div class=\"elementor-widget-container\"> \t\t\t\t\t<h6 class=\"elementor-heading-title elementor-size-default\">P\u00f3ngase en contacto con<\/h6>\t\t\t\t<\/div> \t\t\t\t<\/div> \t\t\t\t<div class=\"elementor-element elementor-element-968786b elementor-widget elementor-widget-text-editor\" data-id=\"968786b\" data-element_type=\"widget\" data-e-type=\"widget\" data-widget_type=\"text-editor.default\"> \t\t\t\t<div class=\"elementor-widget-container\"> \t\t\t\t\t\t\t\t\t<p>Correo electr\u00f3nico: info@vinspy.com<\/p>\t\t\t\t\t\t\t\t<\/div> \t\t\t\t<\/div> \t\t\t\t<div class=\"elementor-element elementor-element-8088848 elementor-widget elementor-widget-image\" data-id=\"8088848\" data-element_type=\"widget\" data-e-type=\"widget\" data-widget_type=\"image.default\"> \t\t\t\t<div class=\"elementor-widget-container\"> \t\t\t\t\t\t\t\t\t\t\t\t\t\t\t<img decoding=\"async\" width=\"121\" height=\"40\" src=\"https:\/\/vinspy.com\/wp-content\/uploads\/2022\/07\/mcvs_acc_opt_hrz_121_1x-2.png\" class=\"attachment-full size-full wp-image-531788\" alt=\"\" \/>\t\t\t\t\t\t\t\t\t\t\t\t\t\t\t<\/div> \t\t\t\t<\/div> \t\t\t\t\t<\/div> \t\t<\/div> \t\t\t\t<div class=\"elementor-column elementor-col-33 elementor-inner-column elementor-element elementor-element-8d756a7\" data-id=\"8d756a7\" data-element_type=\"column\" data-e-type=\"column\"> \t\t\t<div class=\"elementor-widget-wrap elementor-element-populated\"> \t\t\t\t\t\t<div class=\"elementor-element elementor-element-b384aec elementor-widget elementor-widget-heading\" data-id=\"b384aec\" data-element_type=\"widget\" data-e-type=\"widget\" data-widget_type=\"heading.default\"> \t\t\t\t<div class=\"elementor-widget-container\"> \t\t\t\t\t<h6 class=\"elementor-heading-title elementor-size-default\">Bolet\u00edn<\/h6>\t\t\t\t<\/div> \t\t\t\t<\/div> \t\t\t\t\t<\/div> \t\t<\/div> \t\t\t\t\t<\/div> \t\t<\/section> \t\t\t\t\t<\/div> \t\t<\/div> \t\t\t\t\t<\/div> \t\t<\/section> \t\t\t\t<\/div>","protected":false},"excerpt":{"rendered":"<p>ERROR DE VIN &#8211; POR FAVOR, INT\u00c9NTELO DE NUEVO No se ha encontrado este c\u00f3digo VIN. Por favor, rev\u00edselo e int\u00e9ntelo de nuevo. El n\u00famero VIN debe tener entre 8 y 17 d\u00edgitos. Ejemplo de VIN: WBA11AW090FN15037 o Matr\u00edcula: AB56QH &#xE933;&#xE933;&#xE933;&#xE933;&#xE933; Rated 4.6 out of 5 Con la confianza de m\u00e1s de 46.000 usuarios Pol\u00edtica [&hellip;]<\/p>\n","protected":false},"author":1,"featured_media":0,"parent":0,"menu_order":0,"comment_status":"closed","ping_status":"closed","template":"","meta":{"site-sidebar-layout":"no-sidebar","site-content-layout":"page-builder","ast-site-content-layout":"default","site-content-style":"default","site-sidebar-style":"default","ast-global-header-display":"","ast-banner-title-visibility":"","ast-main-header-display":"","ast-hfb-above-header-display":"","ast-hfb-below-header-display":"","ast-hfb-mobile-header-display":"","site-post-title":"disabled","ast-breadcrumbs-content":"","ast-featured-img":"disabled","footer-sml-layout":"","ast-disable-related-posts":"","theme-transparent-header-meta":"default","adv-header-id-meta":"","stick-header-meta":"","header-above-stick-meta":"","header-main-stick-meta":"","header-below-stick-meta":"","astra-migrate-meta-layouts":"default","ast-page-background-enabled":"default","ast-page-background-meta":{"desktop":{"background-color":"var(--ast-global-color-4)","background-image":"","background-repeat":"repeat","background-position":"center center","background-size":"auto","background-attachment":"scroll","background-type":"","background-media":"","overlay-type":"","overlay-color":"","overlay-opacity":"","overlay-gradient":""},"tablet":{"background-color":"","background-image":"","background-repeat":"repeat","background-position":"center center","background-size":"auto","background-attachment":"scroll","background-type":"","background-media":"","overlay-type":"","overlay-color":"","overlay-opacity":"","overlay-gradient":""},"mobile":{"background-color":"","background-image":"","background-repeat":"repeat","background-position":"center center","background-size":"auto","background-attachment":"scroll","background-type":"","background-media":"","overlay-type":"","overlay-color":"","overlay-opacity":"","overlay-gradient":""}},"ast-content-background-meta":{"desktop":{"background-color":"var(--ast-global-color-5)","background-image":"","background-repeat":"repeat","background-position":"center center","background-size":"auto","background-attachment":"scroll","background-type":"","background-media":"","overlay-type":"","overlay-color":"","overlay-opacity":"","overlay-gradient":""},"tablet":{"background-color":"var(--ast-global-color-5)","background-image":"","background-repeat":"repeat","background-position":"center center","background-size":"auto","background-attachment":"scroll","background-type":"","background-media":"","overlay-type":"","overlay-color":"","overlay-opacity":"","overlay-gradient":""},"mobile":{"background-color":"var(--ast-global-color-5)","background-image":"","background-repeat":"repeat","background-position":"center center","background-size":"auto","background-attachment":"scroll","background-type":"","background-media":"","overlay-type":"","overlay-color":"","overlay-opacity":"","overlay-gradient":""}},"footnotes":""},"class_list":["post-537708","page","type-page","status-publish","hentry"],"_links":{"self":[{"href":"https:\/\/vinspy.com\/es\/wp-json\/wp\/v2\/pages\/537708","targetHints":{"allow":["GET"]}}],"collection":[{"href":"https:\/\/vinspy.com\/es\/wp-json\/wp\/v2\/pages"}],"about":[{"href":"https:\/\/vinspy.com\/es\/wp-json\/wp\/v2\/types\/page"}],"author":[{"embeddable":true,"href":"https:\/\/vinspy.com\/es\/wp-json\/wp\/v2\/users\/1"}],"replies":[{"embeddable":true,"href":"https:\/\/vinspy.com\/es\/wp-json\/wp\/v2\/comments?post=537708"}],"version-history":[{"count":0,"href":"https:\/\/vinspy.com\/es\/wp-json\/wp\/v2\/pages\/537708\/revisions"}],"wp:attachment":[{"href":"https:\/\/vinspy.com\/es\/wp-json\/wp\/v2\/media?parent=537708"}],"curies":[{"name":"wp","href":"https:\/\/api.w.org\/{rel}","templated":true}]}}